{"id":814,"date":"2018-01-15T13:29:47","date_gmt":"2018-01-15T12:29:47","guid":{"rendered":"http:\/\/cuttingeeg.org\/?page_id=814"},"modified":"2018-01-15T13:29:47","modified_gmt":"2018-01-15T12:29:47","slug":"venue","status":"publish","type":"page","link":"https:\/\/cuttingeeg2018.org\/?page_id=814","title":{"rendered":"Venue"},"content":{"rendered":"<p>[et_pb_section fb_built=&#8221;1&#8243; background_color=&#8221;#00659d&#8221; _builder_version=&#8221;3.0.92&#8243; background_color_gradient_direction=&#8221;152deg&#8221; custom_css_after=&#8221;display: block;||position: absolute;||content: &#8221;;||width: 100px;||height: 100px;||bottom: -50px;||left: 50%;||margin-left: -50px;||background-color: #00659d; \/** Change This Value ***\/||-ms-transform: rotate(45deg);||-webkit-transform: rotate(45deg);||transform: rotate(45deg);||z-index: 1;||&#8221;][et_pb_row custom_padding=&#8221;0px||0px|&#8221; custom_margin=&#8221;||-50px|&#8221; _builder_version=&#8221;3.0.92&#8243;][et_pb_column type=&#8221;4_4&#8243; _builder_version=&#8221;3.0.47&#8243; parallax=&#8221;off&#8221; parallax_method=&#8221;on&#8221;][et_pb_text _builder_version=&#8221;3.0.92&#8243; header_font=&#8221;Comfortaa|700||on|||||&#8221; custom_padding=&#8221;20px|||&#8221;]<\/p>\n<h1 style=\"text-align: center;\"><span style=\"color: #ffffff;\">Venue<\/span><\/h1>\n<p>[\/et_pb_text][\/et_pb_column][\/et_pb_row][\/et_pb_section][et_pb_section fb_built=&#8221;1&#8243; fullwidth=&#8221;on&#8221; _builder_version=&#8221;3.0.92&#8243;][et_pb_fullwidth_code _builder_version=&#8221;3.0.92&#8243;]&lt;svg id=&quot;curveDownColor&quot; xmlns=&quot;http:\/\/www.w3.org\/2000\/svg&quot; version=&quot;1.1&quot; width=&quot;100%&quot; height=&quot;100&quot; style=&quot;position:absolute; padding-top:0; margin-top:0;fill: #00659d; stroke: #00659d; top:0px;&quot; viewBox=&quot;0 0 100 100&quot; preserveAspectRatio=&quot;none&quot;&gt;&lt;path d=&quot;M0 0 C 50 100 80 100 100 0 Z&quot;&gt;&lt;\/path&gt;&lt;\/svg&gt;[\/et_pb_fullwidth_code][\/et_pb_section][et_pb_section fb_built=&#8221;1&#8243; fullwidth=&#8221;on&#8221; _builder_version=&#8221;3.0.92&#8243; background_image=&#8221;http:\/\/cuttingeeg.org\/wp-content\/uploads\/2018\/01\/plan_acces_ICMc-small.jpg&#8221; custom_margin=&#8221;|||&#8221;][et_pb_fullwidth_slider show_inner_shadow=&#8221;off&#8221; _builder_version=&#8221;3.0.92&#8243;][et_pb_slide use_bg_overlay=&#8221;off&#8221; use_text_overlay=&#8221;off&#8221; _builder_version=&#8221;3.0.92&#8243; use_background_color_gradient=&#8221;on&#8221; background_color_gradient_start=&#8221;rgba(43,135,218,0)&#8221; background_color_gradient_end=&#8221;#ffffff&#8221; background_color_gradient_start_position=&#8221;10%&#8221; background_color_gradient_overlays_image=&#8221;on&#8221; background_image=&#8221;http:\/\/cuttingeeg.org\/wp-content\/uploads\/2018\/01\/plan_acces_ICMc-small.jpg&#8221; custom_padding=&#8221;||500px|&#8221;][\/et_pb_slide][\/et_pb_fullwidth_slider][\/et_pb_section][et_pb_section fb_built=&#8221;1&#8243; background_color=&#8221;rgba(0,0,0,0)&#8221; specialty=&#8221;on&#8221; _builder_version=&#8221;3.0.92&#8243; custom_margin=&#8221;-30%|||&#8221; custom_padding=&#8221;||5%|&#8221;][et_pb_column type=&#8221;1_2&#8243; specialty_columns=&#8221;2&#8243; _builder_version=&#8221;3.0.47&#8243; parallax=&#8221;off&#8221; parallax_method=&#8221;on&#8221;][et_pb_row_inner custom_padding=&#8221;|||2.5%&#8221; background_color=&#8221;rgba(0,0,0,0.67)&#8221; admin_label=&#8221;Row&#8221; _builder_version=&#8221;3.0.92&#8243; border_radii=&#8221;|10px|10px||&#8221; custom_margin=&#8221;|||&#8221;][et_pb_column_inner type=&#8221;1_2&#8243; saved_specialty_column_type=&#8221;1_2&#8243; _builder_version=&#8221;3.0.47&#8243; box_shadow_position=&#8221;outer&#8221; parallax=&#8221;off&#8221; parallax_method=&#8221;on&#8221;][et_pb_image src=&#8221;http:\/\/cuttingeeg.org\/wp-content\/uploads\/2018\/01\/rounded_corners.png&#8221; _builder_version=&#8221;3.0.92&#8243; max_width=&#8221;55%&#8221; module_alignment=&#8221;left&#8221;][\/et_pb_image][\/et_pb_column_inner][et_pb_column_inner type=&#8221;1_2&#8243; saved_specialty_column_type=&#8221;1_2&#8243; _builder_version=&#8221;3.0.47&#8243; box_shadow_position=&#8221;outer&#8221; parallax=&#8221;off&#8221; parallax_method=&#8221;on&#8221;][et_pb_text _builder_version=&#8221;3.0.92&#8243; custom_margin=&#8221;100px|||-60%&#8221;]<\/p>\n<h3><span style=\"color: #ff6600;\">Lectures, Posters, Startups<\/span><\/h3>\n<p>[\/et_pb_text][\/et_pb_column_inner][\/et_pb_row_inner][et_pb_row_inner custom_padding=&#8221;0px|10px||&#8221; background_color=&#8221;rgba(0,0,0,0.67)&#8221; admin_label=&#8221;Row&#8221; _builder_version=&#8221;3.0.92&#8243; border_radii=&#8221;|||10px|10px&#8221; custom_margin=&#8221;|||&#8221;][et_pb_column_inner type=&#8221;4_4&#8243; saved_specialty_column_type=&#8221;1_2&#8243; _builder_version=&#8221;3.0.47&#8243; box_shadow_position=&#8221;outer&#8221; parallax=&#8221;off&#8221; parallax_method=&#8221;on&#8221;][et_pb_blurb icon_color=&#8221;#00659d&#8221; icon_placement=&#8221;left&#8221; background_layout=&#8221;dark&#8221; _builder_version=&#8221;3.0.92&#8243; border_radii=&#8221;on|10px|10px|10px|10px&#8221; border_radii_image=&#8221;on|10px|10px|10px|10px&#8221;]<\/p>\n<p style=\"text-align: left;\">The Insitut du Cerveau et de la Moelle \u00e9pini\u00e8re (Brain and spine institute, a.k.a ICM) is a research center located in the Piti\u00e9 Salp\u00eatri\u00e8re Hospital campus.<\/p>\n<p style=\"text-align: left;\">It is very easy to find but the campus being one of the largest in Europe, this access map might be useful : <a href=\"http:\/\/cuttingeeg.org\/wp-content\/uploads\/2018\/01\/plan_acces_ICMc.jpg\">click\u00a0<\/a><\/p>\n<p>&nbsp;<\/p>\n<h4><strong>Public transportation<\/strong><\/h4>\n<p>[\/et_pb_blurb][et_pb_blurb icon_color=&#8221;#00659d&#8221; image=&#8221;http:\/\/cuttingeeg.org\/wp-content\/uploads\/2018\/01\/Y68UK-R0_400x400.jpg&#8221; icon_placement=&#8221;left&#8221; background_layout=&#8221;dark&#8221; _builder_version=&#8221;3.0.92&#8243; border_radii=&#8221;on|10px|10px|10px|10px&#8221; border_radii_image=&#8221;on|10px|10px|10px|10px&#8221; custom_margin=&#8221;-20px|||&#8221; custom_padding=&#8221;|||30px&#8221;]Sation <strong>Chevaleret<\/strong><br \/>\n[\/et_pb_blurb][et_pb_blurb icon_color=&#8221;#00659d&#8221; image=&#8221;http:\/\/cuttingeeg.org\/wp-content\/uploads\/2018\/01\/czlhbBLn_400x400.jpg&#8221; icon_placement=&#8221;left&#8221; background_layout=&#8221;dark&#8221; _builder_version=&#8221;3.0.92&#8243; border_radii=&#8221;on|10px|10px|10px|10px&#8221; border_radii_image=&#8221;on|10px|10px|10px|10px&#8221; custom_margin=&#8221;-20px|||&#8221; custom_padding=&#8221;|||30px&#8221;]<strong>\u00a0<\/strong>Sation <strong>Saint Marcel<br \/>\n<\/strong><br \/>\n[\/et_pb_blurb][\/et_pb_column_inner][\/et_pb_row_inner][\/et_pb_column][et_pb_column type=&#8221;1_2&#8243; _builder_version=&#8221;3.0.47&#8243; parallax=&#8221;off&#8221; parallax_method=&#8221;on&#8221;][et_pb_text _builder_version=&#8221;3.0.92&#8243; border_radii=&#8221;on|20px|20px|20px|20px&#8221;]<iframe loading=\"lazy\" style=\"border: 0px currentColor;\" src=\"https:\/\/www.google.com\/maps\/embed?pb=!1m18!1m12!1m3!1d5252.184107853034!2d2.361559837044868!3d48.837382786476105!2m3!1f0!2f0!3f0!3m2!1i1024!2i768!4f13.1!3m3!1m2!1s0x0%3A0x7700b00040eb24c6!2sICM+Institut+du+Cerveau+et+de+la+Moelle+%C3%A9pini%C3%A8re+(Brain+and+Spine+Institute)!5e0!3m2!1sfr!2sus!4v1395932184781\" width=\"600\" height=\"450\" frameborder=\"0\"><\/iframe><br \/>\n[\/et_pb_text][\/et_pb_column][\/et_pb_section][et_pb_section fb_built=&#8221;1&#8243; background_color=&#8221;rgba(12,113,195,0.48)&#8221; specialty=&#8221;on&#8221; module_class=&#8221;diagonal-shadow&#8221; _builder_version=&#8221;3.0.92&#8243; custom_margin=&#8221;|||&#8221; custom_padding=&#8221;|||&#8221;][et_pb_column type=&#8221;1_2&#8243; _builder_version=&#8221;3.0.47&#8243; parallax=&#8221;off&#8221; parallax_method=&#8221;on&#8221;][et_pb_text _builder_version=&#8221;3.0.92&#8243; border_radii=&#8221;on|20px|20px|20px|20px&#8221; custom_margin=&#8221;-10%|||&#8221;]<iframe loading=\"lazy\" style=\"border: 0;\" src=\"https:\/\/www.google.com\/maps\/embed?pb=!1m18!1m12!1m3!1d5252.922726696412!2d2.348349988847854!3d48.830337835822824!2m3!1f0!2f0!3f0!3m2!1i1024!2i768!4f13.1!3m3!1m2!1s0x47e671975e9d2e3d%3A0x17f35deee8ffbbf1!2zVMOpbMOpY29tIFBhcmlzVGVjaA!5e0!3m2!1sfr!2sfr!4v1516118420790\" width=\"600\" height=\"450\" frameborder=\"0\" allowfullscreen=\"allowfullscreen\"><\/iframe><br \/>\n[\/et_pb_text][\/et_pb_column][et_pb_column type=&#8221;1_2&#8243; specialty_columns=&#8221;2&#8243; _builder_version=&#8221;3.0.47&#8243; parallax=&#8221;off&#8221; parallax_method=&#8221;on&#8221;][et_pb_row_inner custom_padding=&#8221;|||3%&#8221; background_color=&#8221;rgba(0,0,0,0.49)&#8221; admin_label=&#8221;Row&#8221; _builder_version=&#8221;3.0.92&#8243; border_radii=&#8221;|10px|10px||&#8221; custom_margin=&#8221;|||&#8221;][et_pb_column_inner type=&#8221;1_2&#8243; saved_specialty_column_type=&#8221;1_2&#8243; _builder_version=&#8221;3.0.47&#8243; box_shadow_position=&#8221;outer&#8221; parallax=&#8221;off&#8221; parallax_method=&#8221;on&#8221;][et_pb_image src=&#8221;http:\/\/cuttingeeg.org\/wp-content\/uploads\/2018\/01\/leadImage.png&#8221; _builder_version=&#8221;3.0.92&#8243; border_radii=&#8221;on|10px|10px|10px|10px&#8221; max_width=&#8221;55%&#8221; module_alignment=&#8221;left&#8221;][\/et_pb_image][\/et_pb_column_inner][et_pb_column_inner type=&#8221;1_2&#8243; saved_specialty_column_type=&#8221;1_2&#8243; _builder_version=&#8221;3.0.47&#8243; box_shadow_position=&#8221;outer&#8221; parallax=&#8221;off&#8221; parallax_method=&#8221;on&#8221;][et_pb_text _builder_version=&#8221;3.0.92&#8243; custom_margin=&#8221;100px|||-60%&#8221;]<\/p>\n<h3><span style=\"color: #ff6600;\"><span style=\"color: #e02b20;\">Hands-on tutorials<\/span><br \/> <\/span><\/h3>\n<p>[\/et_pb_text][\/et_pb_column_inner][\/et_pb_row_inner][et_pb_row_inner custom_padding=&#8221;0px|||1%&#8221; background_color=&#8221;rgba(0,0,0,0.49)&#8221; admin_label=&#8221;Row&#8221; _builder_version=&#8221;3.0.92&#8243; border_radii=&#8221;|||10px|10px&#8221; custom_margin=&#8221;|||&#8221;][et_pb_column_inner type=&#8221;4_4&#8243; saved_specialty_column_type=&#8221;1_2&#8243; _builder_version=&#8221;3.0.47&#8243; box_shadow_position=&#8221;outer&#8221; parallax=&#8221;off&#8221; parallax_method=&#8221;on&#8221;][et_pb_blurb icon_color=&#8221;#00659d&#8221; icon_placement=&#8221;left&#8221; background_layout=&#8221;dark&#8221; _builder_version=&#8221;3.0.92&#8243; border_radii=&#8221;on|10px|10px|10px|10px&#8221; border_radii_image=&#8221;on|10px|10px|10px|10px&#8221;]<\/p>\n<p style=\"text-align: left;\">Telecom ParisTech is a higher education engineering school located 25min away from the ICM (or 15min by metro)<\/p>\n<p>&nbsp;<\/p>\n<h4><strong>Public transportation<\/strong><\/h4>\n<p style=\"text-align: left;\">[\/et_pb_blurb][et_pb_blurb icon_color=&#8221;#00659d&#8221; image=&#8221;http:\/\/cuttingeeg.org\/wp-content\/uploads\/2018\/01\/Y68UK-R0_400x400.jpg&#8221; icon_placement=&#8221;left&#8221; background_layout=&#8221;dark&#8221; _builder_version=&#8221;3.0.92&#8243; border_radii=&#8221;on|10px|10px|10px|10px&#8221; border_radii_image=&#8221;on|10px|10px|10px|10px&#8221; custom_margin=&#8221;-20px|||&#8221; custom_padding=&#8221;|||30px&#8221;]Sation <strong>Corvisard<\/strong><\/p>\n<p style=\"text-align: left;\">[\/et_pb_blurb][\/et_pb_column_inner][\/et_pb_row_inner][\/et_pb_column][\/et_pb_section][et_pb_section fb_built=&#8221;1&#8243; background_color=&#8221;#00659d&#8221; _builder_version=&#8221;3.0.92&#8243; custom_css_before=&#8221;display: block;||position: absolute;||content: &#8221;;||width: 100px;||height: 100px;||top: -50px;||left: 50%;||margin-left: -50px;||background-color: #8bbbe2; \/** Change This Value ***\/||-ms-transform: rotate(45deg);||-webkit-transform: rotate(45deg);||transform: rotate(45deg);||z-index: 1;&#8221;][et_pb_row custom_padding=&#8221;||0px|&#8221; _builder_version=&#8221;3.0.92&#8243; background_size=&#8221;initial&#8221; background_position=&#8221;top_left&#8221; background_repeat=&#8221;repeat&#8221;][et_pb_column type=&#8221;1_2&#8243; _builder_version=&#8221;3.0.47&#8243; parallax=&#8221;off&#8221; parallax_method=&#8221;on&#8221;][et_pb_blurb use_icon=&#8221;on&#8221; font_icon=&#8221;%%102%%&#8221; icon_color=&#8221;#ffffff&#8221; background_layout=&#8221;dark&#8221; _builder_version=&#8221;3.0.92&#8243; header_font=&#8221;||||||||&#8221; header_font_size=&#8221;26px&#8221; header_text_shadow_style=&#8221;preset1&#8243; custom_margin=&#8221;||-50px|&#8221;][\/et_pb_blurb][et_pb_text background_layout=&#8221;dark&#8221; _builder_version=&#8221;3.0.97&#8243;]<\/p>\n<p>&nbsp;<\/p>\n<h3><strong>Lodging<\/strong><\/h3>\n<p>Obviously, there are many options for accommodations in Paris.<\/p>\n<p>The cheaper choice is probably to share an Aibnb or a hotel room in the 13th <em>arrondissement<\/em>. A <a href=\"https:\/\/www.dorms.com\/France\/Paris\" target=\"_blank\" rel=\"noopener noreferrer\">youth hostel<\/a> might be a good cheap option too.<\/p>\n<p>Otherwise there a plenty hotels at a walking distance from both the ICM and Telecom ParisTech. Here is a selection with negociated prices for CuttingEEG (note that these prices may vary by ~1\u20ac because of local taxes):<\/p>\n<ul>\n<li><a href=\"http:\/\/www.hoteldevillas.com\/en\/\">Hotel Devillas<\/a> &#8211; 125\u20ac per night with breakfast<\/li>\n<li><a href=\"http:\/\/www.hoteljenner.com\/\">Hotel Jenner<\/a> &#8211; 100\u20ac per night with brekfast (91\u20ac room only)<\/li>\n<li><a href=\"http:\/\/www.hotel-saint-charles.com\/\">Hotel Saint Charles<\/a>&#8211; 125\u20ac per night with brekfast<\/li>\n<\/ul>\n<p><strong>Do not wait to settle your accomodation, Paris is the most touristic city in the world and July is a very busy month.<\/strong><\/p>\n<p>&nbsp;<\/p>\n<p style=\"text-align: left;\">\n<p>[\/et_pb_text][\/et_pb_column][et_pb_column type=&#8221;1_2&#8243; _builder_version=&#8221;3.0.47&#8243; parallax=&#8221;off&#8221; parallax_method=&#8221;on&#8221;][et_pb_blurb use_icon=&#8221;on&#8221; font_icon=&#8221;%%121%%&#8221; icon_color=&#8221;#ffffff&#8221; background_layout=&#8221;dark&#8221; _builder_version=&#8221;3.0.92&#8243; header_font_size=&#8221;26px&#8221; header_text_shadow_style=&#8221;preset1&#8243; custom_margin=&#8221;||-50px|&#8221;][\/et_pb_blurb][et_pb_text background_layout=&#8221;dark&#8221; _builder_version=&#8221;3.0.92&#8243;]<\/p>\n<p>\u00a0<\/p>\n<h3><strong>Directions<\/strong><\/h3>\n<p style=\"text-align: justify;\">Finding your way around is not particularly difficult. The simplest way is probably to ask a computer or a smartphone (Google does the job and the app CityMapper is particularly useful) but here&#8217;s some basic info:<\/p>\n<p style=\"text-align: justify;\">The easiest way to get around is probably by metro, the bus is nice but might be a little complicated to use (or just use Citymapper) and it is not possible to take connections with the classic single fare ticket (by metro, it is). Our favorite option is to use the efficient bike-sharing network named Velib. Walking in Paris works pretty well too it is not a very large capital.<\/p>\n<p style=\"text-align: justify;\"><strong>Airports to Paris<br \/> <\/strong>From CDG airport, the easiest is to take the RER B (suburban train) to Paris, it cost 10,3\u20ac. From Orly, the OlryBus is convenient, it cost 8,3\u20ac.\u00a0 <a href=\"https:\/\/www.ratp.fr\/en\/titres-et-tarifs\/airport-tickets\">Here are more info on airports tickets<\/a><\/p>\n<p style=\"text-align: justify;\"><strong>Metro tickets<\/strong><br \/> If you are going to use the metro or the bus, our advice is to take a pack of 10 ticket for 14,9\u20ac (one ticket cost 1,9\u20ac) and 2\u00a0airports tickets\u00a0\u00a0 if needed. Of course if you are planning to take the metro very often you might want to consider a pass, but it doesn&#8217;t seems like a good deal in your case. <a href=\"https:\/\/www.ratp.fr\/en\/titres-et-tarifs\/paris-visite-travel-pass\">Check it out for yourself.<\/a><\/p>\n<p style=\"text-align: right;\"><a href=\"https:\/\/www.ratp.fr\/en\/visite-paris\/english\/visiting-paris-and-its-surrounding-areas\">Learn more about the public transportation<\/a><\/p>\n<p style=\"text-align: left;\">\n<p>[\/et_pb_text][\/et_pb_column][\/et_pb_row][\/et_pb_section]<\/p>\n","protected":false},"excerpt":{"rendered":"<p>[et_pb_section fb_built=&#8221;1&#8243; background_color=&#8221;#00659d&#8221; _builder_version=&#8221;3.0.92&#8243; background_color_gradient_direction=&#8221;152deg&#8221; custom_css_after=&#8221;display: block;||position: absolute;||content: &#8221;;||width: 100px;||height: 100px;||bottom: -50px;||left: 50%;||margin-left: -50px;||background-color: #00659d; \/** Change This Value ***\/||-ms-transform: rotate(45deg);||-webkit-transform: rotate(45deg);||transform: rotate(45deg);||z-index: 1;||&#8221;][et_pb_row custom_padding=&#8221;0px||0px|&#8221; custom_margin=&#8221;||-50px|&#8221; _builder_version=&#8221;3.0.92&#8243;][et_pb_column type=&#8221;4_4&#8243; _builder_version=&#8221;3.0.47&#8243; parallax=&#8221;off&#8221; parallax_method=&#8221;on&#8221;][et_pb_text _builder_version=&#8221;3.0.92&#8243; header_font=&#8221;Comfortaa|700||on|||||&#8221; custom_padding=&#8221;20px|||&#8221;] Venue [\/et_pb_text][\/et_pb_column][\/et_pb_row][\/et_pb_section][et_pb_section fb_built=&#8221;1&#8243; fullwidth=&#8221;on&#8221; _builder_version=&#8221;3.0.92&#8243;][et_pb_fullwidth_code _builder_version=&#8221;3.0.92&#8243;]&lt;svg id=&quot;curveDownColor&quot; xmlns=&quot;http:\/\/www.w3.org\/2000\/svg&quot; version=&quot;1.1&quot; width=&quot;100%&quot; height=&quot;100&quot; style=&quot;position:absolute; padding-top:0; margin-top:0;fill: #00659d; stroke: #00659d; top:0px;&quot; viewBox=&quot;0 0 100 [&hellip;]<\/p>\n","protected":false},"author":1,"featured_media":0,"parent":0,"menu_order":4,"comment_status":"closed","ping_status":"closed","template":"","meta":{"_et_pb_use_builder":"on","_et_pb_old_content":""},"_links":{"self":[{"href":"https:\/\/cuttingeeg2018.org\/index.php?rest_route=\/wp\/v2\/pages\/814"}],"collection":[{"href":"https:\/\/cuttingeeg2018.org\/index.php?rest_route=\/wp\/v2\/pages"}],"about":[{"href":"https:\/\/cuttingeeg2018.org\/index.php?rest_route=\/wp\/v2\/types\/page"}],"author":[{"embeddable":true,"href":"https:\/\/cuttingeeg2018.org\/index.php?rest_route=\/wp\/v2\/users\/1"}],"replies":[{"embeddable":true,"href":"https:\/\/cuttingeeg2018.org\/index.php?rest_route=%2Fwp%2Fv2%2Fcomments&post=814"}],"version-history":[{"count":0,"href":"https:\/\/cuttingeeg2018.org\/index.php?rest_route=\/wp\/v2\/pages\/814\/revisions"}],"wp:attachment":[{"href":"https:\/\/cuttingeeg2018.org\/index.php?rest_route=%2Fwp%2Fv2%2Fmedia&parent=814"}],"curies":[{"name":"wp","href":"https:\/\/api.w.org\/{rel}","templated":true}]}}